{"id":1270,"date":"2022-08-14T14:45:29","date_gmt":"2022-08-14T14:45:29","guid":{"rendered":"https:\/\/terremonde.org\/?page_id=1270"},"modified":"2023-04-04T13:19:44","modified_gmt":"2023-04-04T13:19:44","slug":"seance-1-29-octobre-2021-mobilisations-environnementales-de-la-reunion-a-la-nouvelle-caledonie","status":"publish","type":"page","link":"https:\/\/terremonde.org\/?page_id=1270","title":{"rendered":"S\u00e9minaire \u2013 Rond Koz\u00e9"},"content":{"rendered":"\n<p>Anim\u00e9 par Jessica Assard, Camille Bouko-Levy, Tristan Lefort-Marine, Cl\u00e9mence L\u00e9obal (CNRS \u2013 LAVUE), Erwan Molini\u00e9 (LCSP, Universit\u00e9 de Paris), et Emmanuelle Surmont. Pour s\u2019inscrire sur la liste de diffusion, cliquez ici: <a href=\"https:\/\/cutt.ly\/cNiWPSb\">Diffusion Rond Koz\u00e9<\/a><\/p>\n\n\n\n<p class=\"has-text-align-center\">Les lundis de 17h \u00e0 19h \u00e0 Paris ou en visioconf\u00e9rence<\/p>\n\n\n\n<p class=\"has-text-align-center\"><strong _msthash=\"1015236\" _msttexthash=\"697658\">Programme\u00a0 du S\u00e9minaire (2022-2023)<\/strong><\/p>\n\n\n\n<p class=\"has-text-align-center\">\/\/ Prochaine s\u00e9ance \/\/<\/p>\n\n\n\n<p class=\"has-text-align-center\"><strong _msthash=\"1061879\" _msttexthash=\"6062550\">Lundi 5 juin 2023 : L\u2019eau qu\u2019on boit, enjeux d\u00e9coloniaux<\/strong><\/p>\n\n\n\n<p class=\"has-text-align-center\">&#8211; Ma\u00eblle Nicault et Julien Lallemand (association Sillages, la R\u00e9union)<\/p>\n\n\n\n<p class=\"has-text-align-center\">Priscilla Th\u00e9baux&nbsp;(CNRS Guyane, USR 3456 Laboratoire Ecologie, Evolution, Interactions des Syst\u00e8mes amazoniens)&nbsp;<font _mstmutation=\"1\" _msthash=\"32290\"><\/font><\/p>\n\n\n\n<p class=\"has-text-align-center\">S\u00e9ance en pr\u00e9sentiel \u00e0 Paris (lieu \u00e0 confirmer) et sur zoom<\/p>\n\n\n\n<p class=\"has-text-align-center\"><strong>S\u00e9ances du S\u00e9minaire (2022-2023)<\/strong><\/p>\n\n\n\n<p><strong><a href=\"https:\/\/terremonde.org\/?page_id=1583\">7 novembre\u00a02022 : Regards crois\u00e9s sur l\u2019animalisme, l\u2019antiracisme et l\u2019\u00e9cologie<\/a><\/strong><\/p>\n\n\n\n<p><strong><a href=\"https:\/\/terremonde.org\/?page_id=1577\" title=\"\">5 d\u00e9cembre 2022\u00a0: Sur les traces des pesticides, du Vietnam \u00e0 l\u2019\u00cele Maurice<\/a><\/strong><\/p>\n\n\n\n<p><strong><a href=\"https:\/\/terremonde.org\/?page_id=1587\">9 janvier 2023\u00a0: \u00c9cof\u00e9minisme(s) depuis les \u00ab\u00a0Suds\u00a0\u00bb<\/a><\/strong><\/p>\n\n\n\n<p><font _mstmutation=\"1\" _msthash=\"1051168\" _msttexthash=\"7272915\"><a href=\"https:\/\/terremonde.org\/?page_id=1591\"><strong _msthash=\"1051167\" _msttexthash=\"5557279\" _mstmutation=\"1\" _istranslated=\"1\">6 f\u00e9vrier 2023 : Produire l\u2019\u00e9lectricit\u00e9 loin du nucl\u00e9a<\/strong><\/a><\/font><strong><a href=\"https:\/\/terremonde.org\/?page_id=1591\"><font _mstmutation=\"1\" _msthash=\"1051168\" _msttexthash=\"7272915\">ire<\/font> : les \u00e9nergies renouvelables en question<\/a><\/strong><\/p>\n\n\n\n<p><strong><a href=\"https:\/\/terremonde.org\/?page_id=1603\">6 mars 2023\u00a0: Prot\u00e9ger les mers et la souverainet\u00e9<\/a><\/strong><\/p>\n\n\n\n<p><strong><a href=\"https:\/\/terremonde.org\/?page_id=1610\">3 avril 2023\u00a0: Perspectives queer d\u00e9coloniales sur l\u2019\u00e9cologie<\/a><\/strong><\/p>\n\n\n\n<p><strong>5 juin 2023 : L\u2019eau qu\u2019on boit, enjeux d\u00e9coloniaux<\/strong><\/p>\n\n\n\n<p class=\"has-text-align-center\"><strong>S\u00e9ances du S\u00e9minaire (2021-2022)<\/strong><\/p>\n\n\n\n<p><strong><strong><a href=\"https:\/\/terremonde.org\/?page_id=1276\" target=\"_blank\" rel=\"noopener\" title=\"S\u00e9ance 1.\u00a0 29 octobre 2021 Mobilisations environnementales : de la R\u00e9union \u00e0 la Nouvelle-Cal\u00e9donie.\u00a0 (11h30-13h30) (heure de Paris)\">29 octobre 2021 Mobilisations environnementales : de la R\u00e9union \u00e0 la Nouvelle-Cal\u00e9donie.\u00a0 <\/a><\/strong><\/strong><\/p>\n\n\n\n<p><a href=\"https:\/\/terremonde.org\/?page_id=1350\" target=\"_blank\" rel=\"noopener\" title=\"\"><strong>19 novembre 2021<\/strong>.\u00a0<strong>Planter sans pesticides\u00a0\u00a0<\/strong><\/a><\/p>\n\n\n\n<p><a href=\"https:\/\/terremonde.org\/?page_id=1311\" target=\"_blank\" rel=\"noopener\" title=\"S\u00e9ance 3. 17 d\u00e9cembre 2021.\u00a0Dans les cyclones du capitalisme\/\u00a0In the midst of Colonial huricanes.\"><strong>17 d\u00e9cembre 2021<\/strong>.\u00a0<strong>Dans les cyclones du capitalisme\/\u00a0In the midst of Colonial huricanes.<\/strong><\/a><\/p>\n\n\n\n<p><a href=\"https:\/\/terremonde.org\/?page_id=1309\" title=\"S\u00e9ance 4. 21 janvier 2022\u00a0:\u00a0Autosuffisance et \u00e9cologie: un horizon possible?\"><strong>21 janvier 2022<\/strong>\u00a0:\u00a0<strong>Autosuffisance et \u00e9cologie: un horizon possible?<\/strong><\/a><\/p>\n\n\n\n<p><a href=\"https:\/\/terremonde.org\/?page_id=1307\" target=\"_blank\" rel=\"noopener\" title=\"S\u00e9ance 5.\u00a025 f\u00e9vrier 2022\u00a0:\u00a0Dans le bleu de la conservation (Cara\u00efbe et Oc\u00e9an Indien) ( 17h15-19h15) heure de Paris\"><strong>25 f\u00e9vrier 2022<\/strong>\u00a0:\u00a0<strong>Dans le bleu de la conservation (Cara\u00efbe et Oc\u00e9an Indien) <\/strong><\/a><\/p>\n\n\n\n<p><a href=\"https:\/\/terremonde.org\/?page_id=1305\" target=\"_blank\" rel=\"noopener\" title=\"S\u00e9ance 6. 18 mars 2022\u00a0:\u00a0D\u00e9coloniser les savoirs sur les plantes.\"><strong>18 mars 2022\u00a0<\/strong>:\u00a0<strong>D\u00e9coloniser les savoirs sur les plantes.<\/strong><\/a><\/p>\n\n\n\n<p><a href=\"https:\/\/terremonde.org\/?page_id=1301\" target=\"_blank\" rel=\"noopener\" title=\"S\u00e9ance 7. 15 avril 2022\u00a0:\u00a0\u00c9crire dans le sillage du d\u00e9sastre\u00a0(Cara\u00efbe et Pacifique)\u00a0\"><strong>15 avril 2022<\/strong>\u00a0:\u00a0<strong>\u00c9crire dans le sillage du d\u00e9sastre<\/strong>\u00a0<strong>(Cara\u00efbe et Pacifique)\u00a0<\/strong><\/a><\/p>\n\n\n\n<p><a href=\"https:\/\/terremonde.org\/?page_id=1299\" target=\"_blank\" rel=\"noopener\" title=\"S\u00e9ance 8. 20 mai 2022\u00a0:\u00a0F\u00e9minismes et \u00e9cologie\u00a0depuis les Sud\"><strong>20 mai 2022\u00a0<\/strong>:\u00a0<strong>F\u00e9minismes et \u00e9cologie\u00a0depuis les Sud<\/strong><\/a><\/p>\n\n\n\n<p><a href=\"https:\/\/terremonde.org\/?page_id=1297\" target=\"_blank\" rel=\"noopener\" title=\"S\u00e9ance 9. 9 juin 2022\u00a0:\u00a0Essais nucl\u00e9aires (9h-11h)\"><strong>9 juin 2022<\/strong>\u00a0:\u00a0<strong>Essais nucl\u00e9aires <\/strong><\/a><\/p>\n\n\n\n<p class=\"has-text-align-center\"><strong>S\u00e9ances du S\u00e9minaire (2020-2021)<\/strong><\/p>\n\n\n\n<p><strong><a href=\"https:\/\/terremonde.org\/?page_id=1295\" target=\"_blank\" rel=\"noopener\" title=\"30 octobre 2020 : Des Outre-mer toxiques, cons\u00e9quences des pesticides\">30 octobre 2020 : Des Outre-mer toxiques, cons\u00e9quences des pesticides<\/a><\/strong><\/p>\n\n\n\n<p><strong><a href=\"https:\/\/terremonde.org\/?page_id=1293\" target=\"_blank\" rel=\"noopener\" title=\"20 novembre 2020 : Mines de la souverainet\u00e9 ou d\u00e9pendance postcoloniale ?\">20 novembre 2020 : Mines de la souverainet\u00e9 ou d\u00e9pendance postcoloniale ?<\/a><\/strong><\/p>\n\n\n\n<p><strong><a href=\"https:\/\/terremonde.org\/?page_id=1291\" target=\"_blank\" rel=\"noopener\" title=\"18 d\u00e9cembre 2020 : Les fronti\u00e8res de l\u2019\u00e9cologie urbaine\">18 d\u00e9cembre 2020 : Les fronti\u00e8res de l\u2019\u00e9cologie urbaine<\/a><\/strong><\/p>\n\n\n\n<p><strong><a href=\"https:\/\/terremonde.org\/?page_id=1289\" target=\"_blank\" rel=\"noopener\" title=\"26 f\u00e9vrier 2021 : Importer, enfouir, recycler, incin\u00e9rer les d\u00e9chets\">26 f\u00e9vrier 2021 : Importer, enfouir, recycler, incin\u00e9rer les d\u00e9chets<\/a><\/strong><\/p>\n\n\n\n<p><strong><a href=\"https:\/\/terremonde.org\/?page_id=1287\" title=\"26 mars 2021 : Politiques de la biodiversit\u00e9\">26 mars 2021 : Politiques de la biodiversit\u00e9<\/a><\/strong><\/p>\n\n\n\n<p><strong><a href=\"https:\/\/terremonde.org\/?page_id=1285\" target=\"_blank\" rel=\"noopener\" title=\"16 avril 2021 : Nutrition et alimentation en postcolonie\">16 avril 2021 : Nutrition et alimentation en postcolonie<\/a><\/strong><\/p>\n\n\n\n<p><strong><a href=\"https:\/\/terremonde.org\/?page_id=1283\" target=\"_blank\" rel=\"noopener\" title=\"21 mai 2021 : Savoirs autochtones &amp; biopiraterie (s\u00e9ance report\u00e9e \u00e0 l\u2019ann\u00e9e prochaine)\">21 mai 2021 : Savoirs autochtones &amp; biopiraterie (s\u00e9ance report\u00e9e \u00e0 l\u2019ann\u00e9e prochaine)<\/a><\/strong><\/p>\n\n\n\n<p><strong><a href=\"https:\/\/terremonde.org\/?page_id=1281\" target=\"_blank\" rel=\"noopener\" title=\"18 juin 2021 : Entre assistance et justice face \u00e0 la menace climatique\">18 juin 2021 : Entre assistance et justice face \u00e0 la menace climatique<\/a><\/strong><\/p>\n\n\n\n<p><\/p>\n","protected":false},"excerpt":{"rendered":"<p>Anim\u00e9 par Jessica Assard, Camille Bouko-Levy, Tristan Lefort-Marine, Cl\u00e9mence L\u00e9obal (CNRS \u2013 LAVUE), Erwan Molini\u00e9 (LCSP, Universit\u00e9 de Paris), et Emmanuelle Surmont. Pour s\u2019inscrire sur la liste de diffusion, cliquez ici: Diffusion Rond Koz\u00e9 Les lundis de 17h \u00e0 19h \u00e0 Paris ou en visioconf\u00e9rence Programme\u00a0 du S\u00e9minaire (2022-2023) \/\/ Prochaine s\u00e9ance \/\/ Lundi 5 [&hellip;]<\/p>\n","protected":false},"author":1,"featured_media":0,"parent":0,"menu_order":45,"comment_status":"closed","ping_status":"closed","template":"","meta":{"om_disable_all_campaigns":false,"_monsterinsights_skip_tracking":false,"_monsterinsights_sitenote_active":false,"_monsterinsights_sitenote_note":"","_monsterinsights_sitenote_category":0,"site-sidebar-layout":"default","site-content-layout":"","ast-site-content-layout":"","site-content-style":"default","site-sidebar-style":"default","ast-global-header-display":"","ast-banner-title-visibility":"","ast-main-header-display":"","ast-hfb-above-header-display":"","ast-hfb-below-header-display":"","ast-hfb-mobile-header-display":"","site-post-title":"","ast-breadcrumbs-content":"","ast-featured-img":"","footer-sml-layout":"","theme-transparent-header-meta":"","adv-header-id-meta":"","stick-header-meta":"","header-above-stick-meta":"","header-main-stick-meta":"","header-below-stick-meta":"","astra-migrate-meta-layouts":"default","ast-page-background-enabled":"default","ast-page-background-meta":{"desktop":{"background-color":"var(--ast-global-color-4)","background-image":"","background-repeat":"repeat","background-position":"center center","background-size":"auto","background-attachment":"scroll","background-type":"","background-media":"","overlay-type":"","overlay-color":"","overlay-opacity":"","overlay-gradient":""},"tablet":{"background-color":"","background-image":"","background-repeat":"repeat","background-position":"center center","background-size":"auto","background-attachment":"scroll","background-type":"","background-media":"","overlay-type":"","overlay-color":"","overlay-opacity":"","overlay-gradient":""},"mobile":{"background-color":"","background-image":"","background-repeat":"repeat","background-position":"center center","background-size":"auto","background-attachment":"scroll","background-type":"","background-media":"","overlay-type":"","overlay-color":"","overlay-opacity":"","overlay-gradient":""}},"ast-content-background-meta":{"desktop":{"background-color":"var(--ast-global-color-5)","background-image":"","background-repeat":"repeat","background-position":"center center","background-size":"auto","background-attachment":"scroll","background-type":"","background-media":"","overlay-type":"","overlay-color":"","overlay-opacity":"","overlay-gradient":""},"tablet":{"background-color":"var(--ast-global-color-5)","background-image":"","background-repeat":"repeat","background-position":"center center","background-size":"auto","background-attachment":"scroll","background-type":"","background-media":"","overlay-type":"","overlay-color":"","overlay-opacity":"","overlay-gradient":""},"mobile":{"background-color":"var(--ast-global-color-5)","background-image":"","background-repeat":"repeat","background-position":"center center","background-size":"auto","background-attachment":"scroll","background-type":"","background-media":"","overlay-type":"","overlay-color":"","overlay-opacity":"","overlay-gradient":""}},"footnotes":""},"aioseo_notices":[],"_links":{"self":[{"href":"https:\/\/terremonde.org\/index.php?rest_route=\/wp\/v2\/pages\/1270"}],"collection":[{"href":"https:\/\/terremonde.org\/index.php?rest_route=\/wp\/v2\/pages"}],"about":[{"href":"https:\/\/terremonde.org\/index.php?rest_route=\/wp\/v2\/types\/page"}],"author":[{"embeddable":true,"href":"https:\/\/terremonde.org\/index.php?rest_route=\/wp\/v2\/users\/1"}],"replies":[{"embeddable":true,"href":"https:\/\/terremonde.org\/index.php?rest_route=%2Fwp%2Fv2%2Fcomments&post=1270"}],"version-history":[{"count":32,"href":"https:\/\/terremonde.org\/index.php?rest_route=\/wp\/v2\/pages\/1270\/revisions"}],"predecessor-version":[{"id":1614,"href":"https:\/\/terremonde.org\/index.php?rest_route=\/wp\/v2\/pages\/1270\/revisions\/1614"}],"wp:attachment":[{"href":"https:\/\/terremonde.org\/index.php?rest_route=%2Fwp%2Fv2%2Fmedia&parent=1270"}],"curies":[{"name":"wp","href":"https:\/\/api.w.org\/{rel}","templated":true}]}}