{"id":1469,"date":"2022-08-28T13:38:50","date_gmt":"2022-08-28T13:38:50","guid":{"rendered":"https:\/\/terremonde.org\/?page_id=1469"},"modified":"2024-05-05T13:35:34","modified_gmt":"2024-05-05T13:35:34","slug":"malcom-ferdinand","status":"publish","type":"page","link":"https:\/\/terremonde.org\/?page_id=1469","title":{"rendered":"Malcom Ferdinand"},"content":{"rendered":"\n<figure class=\"wp-block-image alignleft size-full is-resized\"><img loading=\"lazy\" decoding=\"async\" src=\"http:\/\/terremonde.org\/wp-content\/uploads\/2022\/08\/ferdinand-malcom.jpg\" alt=\"\" class=\"wp-image-1455\" width=\"199\" height=\"199\" srcset=\"https:\/\/terremonde.org\/wp-content\/uploads\/2022\/08\/ferdinand-malcom.jpg 800w, https:\/\/terremonde.org\/wp-content\/uploads\/2022\/08\/ferdinand-malcom-300x300.jpg 300w, https:\/\/terremonde.org\/wp-content\/uploads\/2022\/08\/ferdinand-malcom-150x150.jpg 150w, https:\/\/terremonde.org\/wp-content\/uploads\/2022\/08\/ferdinand-malcom-768x768.jpg 768w\" sizes=\"(max-width: 199px) 100vw, 199px\" \/><\/figure>\n\n\n\n<p>Je suis charg\u00e9 de recherche au CNRS au laboratoire IRISSO de Universit\u00e9 Paris Dauphine-PSL. \u00a0J&#8217;ai travaill\u00e9e sur les enjeux \u00e9cologiques du monde \u00e0 l&#8217;aune de l&#8217;histoire coloniale et esclavagiste de la modernit\u00e9. Je m\u00e8ne en ce moment une recherche sur les cons\u00e9quences sanitaires, environnementales, socio-politiques et philosophiques de l&#8217;usage de pesticides (eg. chlord\u00e9cone) dans l&#8217;agriculture aux Antilles et dans le monde.\u00a0<\/p>\n","protected":false},"excerpt":{"rendered":"<p>Je suis charg\u00e9 de recherche au CNRS au laboratoire IRISSO de Universit\u00e9 Paris Dauphine-PSL. \u00a0J&#8217;ai travaill\u00e9e sur les enjeux \u00e9cologiques du monde \u00e0 l&#8217;aune de l&#8217;histoire coloniale et esclavagiste de la modernit\u00e9. Je m\u00e8ne en ce moment une recherche sur les cons\u00e9quences sanitaires, environnementales, socio-politiques et philosophiques de l&#8217;usage de pesticides (eg. chlord\u00e9cone) dans l&#8217;agriculture [&hellip;]<\/p>\n","protected":false},"author":1,"featured_media":0,"parent":0,"menu_order":0,"comment_status":"closed","ping_status":"closed","template":"","meta":{"om_disable_all_campaigns":false,"_monsterinsights_skip_tracking":false,"_monsterinsights_sitenote_active":false,"_monsterinsights_sitenote_note":"","_monsterinsights_sitenote_category":0,"site-sidebar-layout":"default","site-content-layout":"","ast-site-content-layout":"","site-content-style":"default","site-sidebar-style":"default","ast-global-header-display":"","ast-banner-title-visibility":"","ast-main-header-display":"","ast-hfb-above-header-display":"","ast-hfb-below-header-display":"","ast-hfb-mobile-header-display":"","site-post-title":"","ast-breadcrumbs-content":"","ast-featured-img":"","footer-sml-layout":"","theme-transparent-header-meta":"","adv-header-id-meta":"","stick-header-meta":"","header-above-stick-meta":"","header-main-stick-meta":"","header-below-stick-meta":"","astra-migrate-meta-layouts":"default","ast-page-background-enabled":"default","ast-page-background-meta":{"desktop":{"background-color":"var(--ast-global-color-4)","background-image":"","background-repeat":"repeat","background-position":"center center","background-size":"auto","background-attachment":"scroll","background-type":"","background-media":"","overlay-type":"","overlay-color":"","overlay-opacity":"","overlay-gradient":""},"tablet":{"background-color":"","background-image":"","background-repeat":"repeat","background-position":"center center","background-size":"auto","background-attachment":"scroll","background-type":"","background-media":"","overlay-type":"","overlay-color":"","overlay-opacity":"","overlay-gradient":""},"mobile":{"background-color":"","background-image":"","background-repeat":"repeat","background-position":"center center","background-size":"auto","background-attachment":"scroll","background-type":"","background-media":"","overlay-type":"","overlay-color":"","overlay-opacity":"","overlay-gradient":""}},"ast-content-background-meta":{"desktop":{"background-color":"var(--ast-global-color-5)","background-image":"","background-repeat":"repeat","background-position":"center center","background-size":"auto","background-attachment":"scroll","background-type":"","background-media":"","overlay-type":"","overlay-color":"","overlay-opacity":"","overlay-gradient":""},"tablet":{"background-color":"var(--ast-global-color-5)","background-image":"","background-repeat":"repeat","background-position":"center center","background-size":"auto","background-attachment":"scroll","background-type":"","background-media":"","overlay-type":"","overlay-color":"","overlay-opacity":"","overlay-gradient":""},"mobile":{"background-color":"var(--ast-global-color-5)","background-image":"","background-repeat":"repeat","background-position":"center center","background-size":"auto","background-attachment":"scroll","background-type":"","background-media":"","overlay-type":"","overlay-color":"","overlay-opacity":"","overlay-gradient":""}},"footnotes":""},"aioseo_notices":[],"_links":{"self":[{"href":"https:\/\/terremonde.org\/index.php?rest_route=\/wp\/v2\/pages\/1469"}],"collection":[{"href":"https:\/\/terremonde.org\/index.php?rest_route=\/wp\/v2\/pages"}],"about":[{"href":"https:\/\/terremonde.org\/index.php?rest_route=\/wp\/v2\/types\/page"}],"author":[{"embeddable":true,"href":"https:\/\/terremonde.org\/index.php?rest_route=\/wp\/v2\/users\/1"}],"replies":[{"embeddable":true,"href":"https:\/\/terremonde.org\/index.php?rest_route=%2Fwp%2Fv2%2Fcomments&post=1469"}],"version-history":[{"count":1,"href":"https:\/\/terremonde.org\/index.php?rest_route=\/wp\/v2\/pages\/1469\/revisions"}],"predecessor-version":[{"id":1471,"href":"https:\/\/terremonde.org\/index.php?rest_route=\/wp\/v2\/pages\/1469\/revisions\/1471"}],"wp:attachment":[{"href":"https:\/\/terremonde.org\/index.php?rest_route=%2Fwp%2Fv2%2Fmedia&parent=1469"}],"curies":[{"name":"wp","href":"https:\/\/api.w.org\/{rel}","templated":true}]}}